{"id":605,"date":"2016-07-18T09:04:16","date_gmt":"2016-07-18T09:04:16","guid":{"rendered":"https:\/\/alpescatorelagodidro.it\/de\/?page_id=605"},"modified":"2021-12-27T14:12:16","modified_gmt":"2021-12-27T14:12:16","slug":"aktivitaeten-am-idrosee","status":"publish","type":"page","link":"https:\/\/alpescatorelagodidro.it\/de\/aktivitaeten-am-idrosee\/","title":{"rendered":"Aktivit\u00e4ten am Idrosee"},"content":{"rendered":"<section class=\"l-section wpb_row height_medium\"><div class=\"l-section-h i-cf\"><div class=\"g-cols vc_row via_grid cols_1 laptops-cols_inherit tablets-cols_inherit mobiles-cols_1 valign_top type_default stacking_default\"><div class=\"wpb_column vc_column_container\"><div class=\"vc_column-inner\"><div class=\"wpb_text_column\"><div class=\"wpb_wrapper\"><h1 style=\"text-align: center;\">Aktivit\u00e4ten und Vorschl\u00e4ge<\/h1>\n<h4 style=\"text-align: center;\">Erleben Sie den Idrosee<\/h4>\n<\/div><\/div><\/div><\/div><\/div><\/div><\/section><section class=\"l-section wpb_row fascia-scheda height_medium\"><div class=\"l-section-h i-cf\"><div class=\"g-cols vc_row via_grid cols_2 laptops-cols_inherit tablets-cols_inherit mobiles-cols_1 valign_middle type_boxes stacking_default\"><div class=\"wpb_column vc_column_container no-padding\"><div class=\"vc_column-inner\"><div class=\"w-image align_none\"><div class=\"w-image-h\"><img decoding=\"async\" width=\"960\" height=\"700\" src=\"https:\/\/alpescatorelagodidro.it\/wp-content\/uploads\/2016\/06\/blocco-battello-1.jpg\" class=\"attachment-large size-large\" alt=\"\" loading=\"lazy\" srcset=\"https:\/\/alpescatorelagodidro.it\/wp-content\/uploads\/2016\/06\/blocco-battello-1.jpg 960w, https:\/\/alpescatorelagodidro.it\/wp-content\/uploads\/2016\/06\/blocco-battello-1-300x219.jpg 300w, https:\/\/alpescatorelagodidro.it\/wp-content\/uploads\/2016\/06\/blocco-battello-1-768x560.jpg 768w, https:\/\/alpescatorelagodidro.it\/wp-content\/uploads\/2016\/06\/blocco-battello-1-600x438.jpg 600w\" sizes=\"(max-width: 960px) 100vw, 960px\" \/><\/div><\/div><\/div><\/div><div class=\"wpb_column vc_column_container\"><div class=\"vc_column-inner\"><div class=\"wpb_text_column\"><div class=\"wpb_wrapper\"><h2>Schiffstour<\/h2>\n<p>Vor kurzem wurde das neue Flottenschiff Idra getauft, das mit seinen 120 Sitzpl\u00e4tzen in der Lage ist, die gesamte Strecke von Lemprato a Crone \u00fcber Vantone, Anfo, Vesta, Baitoni, Ponte Caffaro und zur\u00fcck in ca. 2 Stunden zur\u00fcckzulegen.<\/p>\n<\/div><\/div><div class=\"w-btn-wrapper align_none\"><a class=\"w-btn us-btn-style_1 us_custom_f73f4019\" target=\" _blank\" rel=\"nofollow\" href=\"http:\/\/trasportiweb.provincia.brescia.it\/navigazioneidro\/orari.html\"><span class=\"w-btn-label\">Zeitpl\u00e4ne<\/span><\/a><\/div><\/div><\/div><\/div><\/div><\/section><section class=\"l-section wpb_row fascia-scheda height_medium\"><div class=\"l-section-h i-cf\"><div class=\"g-cols vc_row via_grid cols_2 laptops-cols_inherit tablets-cols_inherit mobiles-cols_1 valign_middle type_boxes stacking_default\"><div class=\"wpb_column vc_column_container no-padding\"><div class=\"vc_column-inner\"><div class=\"w-slider style_none fit_scaledown\"><div class=\"w-slider-h\"><div class=\"royalSlider\"><div class=\"rsContent\"><a class=\"rsImg\" data-rsw=\"960\" data-rsh=\"700\" href=\"https:\/\/alpescatorelagodidro.it\/wp-content\/uploads\/2016\/06\/blocco-ciclabile.jpg\"><span data-alt=\"\"><\/span><\/a><\/div><div class=\"rsContent\"><a class=\"rsImg\" data-rsw=\"960\" data-rsh=\"700\" href=\"https:\/\/alpescatorelagodidro.it\/wp-content\/uploads\/2016\/06\/blocco-ciclabile-03.jpg\"><span data-alt=\"\"><\/span><\/a><\/div><div class=\"rsContent\"><a class=\"rsImg\" data-rsw=\"960\" data-rsh=\"700\" href=\"https:\/\/alpescatorelagodidro.it\/wp-content\/uploads\/2016\/06\/blocco-ciclabile-02.jpg\"><span data-alt=\"\"><\/span><\/a><\/div><\/div><img decoding=\"async\" src=\"https:\/\/alpescatorelagodidro.it\/wp-content\/uploads\/2016\/06\/blocco-ciclabile.jpg\" width=\"960\" height=\"700\" alt loading=\"lazy\"><\/div><div class=\"w-slider-json\" onclick='return {&quot;autoScaleSlider&quot;:true,&quot;loop&quot;:true,&quot;fadeInLoadedSlide&quot;:false,&quot;slidesSpacing&quot;:0,&quot;imageScalePadding&quot;:0,&quot;numImagesToPreload&quot;:2,&quot;arrowsNav&quot;:true,&quot;arrowsNavAutoHide&quot;:false,&quot;transitionType&quot;:&quot;move&quot;,&quot;transitionSpeed&quot;:250,&quot;block&quot;:{&quot;moveEffect&quot;:&quot;none&quot;,&quot;speed&quot;:300},&quot;thumbs&quot;:{&quot;fitInViewport&quot;:false},&quot;controlNavigation&quot;:&quot;none&quot;,&quot;autoplay&quot;:{&quot;enabled&quot;:true,&quot;pauseOnHover&quot;:true,&quot;delay&quot;:3000},&quot;imageScaleMode&quot;:&quot;fit-if-smaller&quot;,&quot;autoScaleSliderWidth&quot;:960,&quot;autoScaleSliderHeight&quot;:700}'><\/div><\/div><\/div><\/div><div class=\"wpb_column vc_column_container\"><div class=\"vc_column-inner\"><div class=\"wpb_text_column\"><div class=\"wpb_wrapper\"><h2>Wander- und Fahrradwege<\/h2>\n<p>Unser Hotel ist von Wiesen und B\u00e4umen umgeben, die den Fu\u00df- und Radweg entlang des Sees bis zur anderen Seite begleiten. Die Strecke ist auch f\u00fcr kleinere Kinder geeignet, die hier in aller Sicherheit ohne Autoverkehr Fahrrad fahren und bei einem Besuch des Biotops am Idrosee die Tierwelt entdecken k\u00f6nnen. Dieses beheimatet zahlreiche Vogel- und Fischarten.<\/p>\n<\/div><\/div><\/div><\/div><\/div><\/div><\/section><section class=\"l-section wpb_row fascia-scheda height_medium\"><div class=\"l-section-h i-cf\"><div class=\"g-cols vc_row via_grid cols_2 laptops-cols_inherit tablets-cols_inherit mobiles-cols_1 valign_middle type_boxes stacking_default\"><div class=\"wpb_column vc_column_container no-padding\"><div class=\"vc_column-inner\"><div class=\"w-image align_none\"><div class=\"w-image-h\"><img decoding=\"async\" width=\"960\" height=\"700\" src=\"https:\/\/alpescatorelagodidro.it\/wp-content\/uploads\/2016\/06\/blocco-pesca.jpg\" class=\"attachment-large size-large\" alt=\"\" loading=\"lazy\" srcset=\"https:\/\/alpescatorelagodidro.it\/wp-content\/uploads\/2016\/06\/blocco-pesca.jpg 960w, https:\/\/alpescatorelagodidro.it\/wp-content\/uploads\/2016\/06\/blocco-pesca-300x219.jpg 300w, https:\/\/alpescatorelagodidro.it\/wp-content\/uploads\/2016\/06\/blocco-pesca-768x560.jpg 768w, https:\/\/alpescatorelagodidro.it\/wp-content\/uploads\/2016\/06\/blocco-pesca-600x438.jpg 600w\" sizes=\"(max-width: 960px) 100vw, 960px\" \/><\/div><\/div><\/div><\/div><div class=\"wpb_column vc_column_container\"><div class=\"vc_column-inner\"><div class=\"wpb_text_column\"><div class=\"wpb_wrapper\"><h2>Angeln und Natur<\/h2>\n<p>Um im Idrosee zu angeln, reicht ein g\u00fcltiger Angelschein f\u00fcr die Region Lombardei, den man gegen ein paar Euro bei jedem Postamt bekommen kann. In diesem Fall gen\u00fcgt eine zwei Monate g\u00fcltige Touristengenehmigung (Licenza Turistica).<\/p>\n<p>Zu den im See beheimateten Fischen geh\u00f6ren der Barsch, Hecht, D\u00f6bel, Ablette und Aal.<\/p>\n<\/div><\/div><\/div><\/div><\/div><\/div><\/section><section class=\"l-section wpb_row fascia-scheda height_medium\"><div class=\"l-section-h i-cf\"><div class=\"g-cols vc_row via_grid cols_2 laptops-cols_inherit tablets-cols_inherit mobiles-cols_1 valign_middle type_boxes stacking_default\"><div class=\"wpb_column vc_column_container no-padding\"><div class=\"vc_column-inner\"><div class=\"w-image align_none\"><div class=\"w-image-h\"><img decoding=\"async\" width=\"960\" height=\"700\" src=\"https:\/\/alpescatorelagodidro.it\/wp-content\/uploads\/2016\/06\/blocco-parapendio.jpg\" class=\"attachment-large size-large\" alt=\"\" loading=\"lazy\" srcset=\"https:\/\/alpescatorelagodidro.it\/wp-content\/uploads\/2016\/06\/blocco-parapendio.jpg 960w, https:\/\/alpescatorelagodidro.it\/wp-content\/uploads\/2016\/06\/blocco-parapendio-300x219.jpg 300w, https:\/\/alpescatorelagodidro.it\/wp-content\/uploads\/2016\/06\/blocco-parapendio-768x560.jpg 768w, https:\/\/alpescatorelagodidro.it\/wp-content\/uploads\/2016\/06\/blocco-parapendio-600x438.jpg 600w\" sizes=\"(max-width: 960px) 100vw, 960px\" \/><\/div><\/div><\/div><\/div><div class=\"wpb_column vc_column_container\"><div class=\"vc_column-inner\"><div class=\"wpb_text_column\"><div class=\"wpb_wrapper\"><h2>Sportliche Bet\u00e4tigungen<\/h2>\n<p>Auf dem See k\u00f6nnen zahlreiche sportliche Aktivit\u00e4ten wie Windsurfen, Segeln und Kanu fahren ausge\u00fcbt werden. Der n\u00f6rdliche Teil des Sees in Ponte Caffaro ist den Kite-Surfern vorbehalten.<\/p>\n<p>Wenn Sie den Fluss \u00fcberqueren, der am Al Pescatore vorbeiflie\u00dft, k\u00f6nnen Sie dem Trentino einen Kurzbesuch abstatten. In Baitoni befindet sich die Schule f\u00fcr Paragliding.<\/p>\n<\/div><\/div><\/div><\/div><\/div><\/div><\/section>\n","protected":false},"excerpt":{"rendered":"Aktivit\u00e4ten und Vorschl\u00e4ge Erleben Sie den Idrosee Schiffstour Vor kurzem wurde das neue Flottenschiff Idra getauft, das mit seinen 120 Sitzpl\u00e4tzen in der Lage ist, die gesamte Strecke von Lemprato a Crone \u00fcber Vantone, Anfo, Vesta, Baitoni, Ponte Caffaro und zur\u00fcck in ca. 2 Stunden zur\u00fcckzulegen. Zeitpl\u00e4neWander- und Fahrradwege Unser Hotel ist von Wiesen und...","protected":false},"author":1,"featured_media":0,"parent":0,"menu_order":0,"comment_status":"closed","ping_status":"closed","template":"","meta":{"footnotes":""},"_links":{"self":[{"href":"https:\/\/alpescatorelagodidro.it\/de\/wp-json\/wp\/v2\/pages\/605"}],"collection":[{"href":"https:\/\/alpescatorelagodidro.it\/de\/wp-json\/wp\/v2\/pages"}],"about":[{"href":"https:\/\/alpescatorelagodidro.it\/de\/wp-json\/wp\/v2\/types\/page"}],"author":[{"embeddable":true,"href":"https:\/\/alpescatorelagodidro.it\/de\/wp-json\/wp\/v2\/users\/1"}],"replies":[{"embeddable":true,"href":"https:\/\/alpescatorelagodidro.it\/de\/wp-json\/wp\/v2\/comments?post=605"}],"version-history":[{"count":8,"href":"https:\/\/alpescatorelagodidro.it\/de\/wp-json\/wp\/v2\/pages\/605\/revisions"}],"predecessor-version":[{"id":1251,"href":"https:\/\/alpescatorelagodidro.it\/de\/wp-json\/wp\/v2\/pages\/605\/revisions\/1251"}],"wp:attachment":[{"href":"https:\/\/alpescatorelagodidro.it\/de\/wp-json\/wp\/v2\/media?parent=605"}],"curies":[{"name":"wp","href":"https:\/\/api.w.org\/{rel}","templated":true}]}}